{"id":2,"date":"2023-05-18T21:14:21","date_gmt":"2023-05-19T00:14:21","guid":{"rendered":"https:\/\/culturaracional.info\/?page_id=2"},"modified":"2024-05-14T18:30:03","modified_gmt":"2024-05-14T21:30:03","slug":"about-us","status":"publish","type":"page","link":"https:\/\/culturaracional.info\/index.php\/about-us\/","title":{"rendered":"Defini\u00e7\u00e3o"},"content":{"rendered":"\n<figure class=\"wp-block-image aligncenter size-full is-resized\"><img loading=\"lazy\" decoding=\"async\" width=\"466\" height=\"651\" src=\"https:\/\/culturaracional.info\/wp-content\/uploads\/2024\/05\/Capa-1-volume-portugues-1.png\" alt=\"\" class=\"wp-image-92\" style=\"width:277px;height:397px\" srcset=\"https:\/\/culturaracional.info\/wp-content\/uploads\/2024\/05\/Capa-1-volume-portugues-1.png 466w, https:\/\/culturaracional.info\/wp-content\/uploads\/2024\/05\/Capa-1-volume-portugues-1-215x300.png 215w\" sizes=\"auto, (max-width: 466px) 100vw, 466px\" \/><\/figure>\n\n\n\n<p class=\"has-text-align-center\"><br><br><strong>A CULTURA DO COSMO, DO MUNDO RACIONAL<br>AGORA NA TERRA<\/strong><\/p>\n\n\n\n<p><strong>O QUE \u00c9 CULTURA RACIONAL?<\/strong><\/p>\n\n\n\n<p>\u00c9 o conhecimento da origem do ser humano. De onde ele veio, como veio; porqu\u00ea veio e o retorno \u00e0 sua origem, mostrando como o homem voltar\u00e1 ao seu<br>estado natural de ser Racional puro, limpo e perfeito.<br>Tudo isto atrav\u00e9s das mensagens do RACIONAL SUPERIOR, um ser Extraterreno, Publicadas nos livros <code>UNIVERSO EM DESENCANTO<\/code>.<\/p>\n\n\n\n<p><strong>AL\u00c9M DO RETORNO \u00c0 SUA ORIGEM, QUAIS SERIAM OS OBJETIVOS DA CULTURA RACIONAL?<\/strong><\/p>\n\n\n\n<p>\u00c9 ligar o ser humano ao seu Mundo de Origem, o MUNDO RACIONAL, pelo desenvolvimento Racional, que \u00e9 obtido no ler e reler os Livros &#8220;UNIVERSO EM DESENCANTO&#8221;<\/p>\n\n\n\n<p>A leitura do livro traz o perfeito equil\u00edbrio na vida da mat\u00e9ria: f\u00edsico, moral e financeiro, que culmina com a Vid\u00eancia Racional, quando ent\u00e3o, o leitor ter\u00e1 contato com os Habitantes do MUNDO RACIONAL, mundo de que somos origin\u00e1rios e para o qual j\u00e1 estamos de volta.<br><\/p>\n\n\n\n<h5 class=\"wp-block-heading\"><strong>COMO QUALQUER PESSOA PODER\u00c1 COMPROVAR A REALIDADE DOS OBJETIVOS DA CULTURA RACIONAL?<\/strong><\/h5>\n\n\n\n<p>Muito simples: por se tratar de um processo de desenvolvimento, n\u00e3o ser\u00e1<br>apenas na leitura do primeiro volume do Livro que a pessoa poder\u00e1 ter estas<br>comprova\u00e7\u00f5es, embora elas tenham ocorrido com diversas pessoas. S\u00e3o elas,<br>o aparecimento de luzes de diversos matizes, tamanho e forma; o contato<br>direto com seres extraterrenos, dialogando e sendo orientado em qualquer<br>lugar. E o mais importante que \u00e9 adquirir paz interior.<\/p>\n\n\n\n<p>\u00c9 um conhecimento transcendental que ultrapassa todas as expectativas do<br>saber humano e que desvenda os mist\u00e9rios da natureza e do animal Racional de forma l\u00f3gica, simples e clara. N\u00e3o \u00e9 um conhecimento extra\u00eddo do saber deste mundo e sim, a verdade das verdades, dadas pelo RACIONAL SUPERIOR.<br><br>A CULTURA RACIONAL conduzir\u00e1 a humanidade \u00e0 RACIONALIZA\u00c7\u00c3O<br>UNIVERSAL. <br>E assim, com a leitura ass\u00eddua deste conhecimento, todos sem o menor<br>esfor\u00e7o, muito naturalmente, sem necessidade de frequentar lugar nenhum, ser\u00e3o<br>orientados em tudo, recebendo as orienta\u00e7\u00f5es precisas para o seu perfeito equil\u00edbrio moral, f\u00edsico e financeiro, dentro dos seus pr\u00f3prios lares ou onde estiverem. Portanto,n\u00e3o h\u00e1 templo, sinagoga ou casa de prega\u00e7\u00f5es nem obriga\u00e7\u00f5es, pois \u00e9 apenas a leitura desta grandiosa Obra UNIVERSO EM DESENCANTO, que d\u00e1 aquela prote\u00e7\u00e3o que ningu\u00e9m at\u00e9 hoje conhecia.<\/p>\n\n\n\n<p>N<strong>A CULTURA RACIONAL N\u00c3O H\u00c1 MILAGRES.<\/strong><\/p>\n\n\n\n<p>Todas as doen\u00e7as existentes no mundo s\u00e3o provocadas pela altera\u00e7\u00e3o do<br>campo biomagn\u00e9tico. O mundo \u00e9 um conjunto de eletromagnetismo e<br>consequentemente n\u00f3s tamb\u00e9m somos formados de eletromagnetismo. A altera\u00e7\u00e3o deste campo de energia \u00e9 que provoca em n\u00f3s todas as doen\u00e7as, como o c\u00e2ncer, o enfarte, a osteomielite, e todo e qualquer tipo de mol\u00e9stia. O excesso de magnetismo mata, o excesso de eletricidade mata do mesmo jeito. E n\u00f3s estamos sujeitos aos efeitos destes dois fluidos monstros: o el\u00e9trico e magn\u00e9tico.<br><br>Na CULTURA RACIONAL n\u00e3o h\u00e1 milagres, tudo acontece naturalmente, as<br>solu\u00e7\u00f5es s\u00e3o consequ\u00eancias do perfeito equil\u00edbrio que a pessoa adquire atrav\u00e9s da<br>leitura das mensagens do RACIONAL SUPERIOR. \u00c0 propor\u00e7\u00e3o que a pessoa vai<br>lendo, ela passa a ficar ligada ao seu Mundo de Origem, o MUNDO RACIONAL, de<br>onde receber\u00e1 todas as orienta\u00e7\u00f5es precisas ao seu bom viver. Com o desenvolvimento adquirido atrav\u00e9s da leitura, a pessoa come\u00e7a a se desligar deste<br>conjunto eletromagn\u00e9tico, que \u00e9 o mundo em que vivemos, para ficar ligado ao seu<br>verdadeiro natural, o mundo de sua verdadeira origem, o MUNDO RACIONAL.<br>Substituindo o seu eletromagnetismo pela ENERGIA RACIONAL, atingindo a<br>condi\u00e7\u00e3o de IMUNIZADO RACIONALMENTE e ao morrer n\u00e3o nascer\u00e1 mais aqui<br>neste mundo e sim, no seu verdadeiro mundo, o MUNDO RACIONAL.<\/p>\n\n\n\n<h5 class=\"wp-block-heading\"><strong><a href=\"https:\/\/culturaracional.info\/index.php\/contacts\/\" target=\"_blank\" rel=\"noreferrer noopener\">CLIQUE AQUI E sOLICITE SEU LIVRO GRATUTO<\/a><\/strong><\/h5>\n\n\n\n<p><\/p>\n","protected":false},"excerpt":{"rendered":"<p>A CULTURA DO COSMO, DO MUNDO RACIONALAGORA NA TERRA O QUE \u00c9 CULTURA RACIONAL? \u00c9 o conhecimento da origem do ser humano. De onde ele veio, como veio; porqu\u00ea veio e o retorno \u00e0 sua origem, mostrando como o homem voltar\u00e1 ao seuestado natural de ser Racional puro, limpo e perfeito.Tudo isto atrav\u00e9s das mensagens [&hellip;]<\/p>\n","protected":false},"author":1,"featured_media":0,"parent":0,"menu_order":0,"comment_status":"closed","ping_status":"open","template":"","meta":{"footnotes":""},"class_list":["post-2","page","type-page","status-publish","hentry"],"_links":{"self":[{"href":"https:\/\/culturaracional.info\/index.php\/wp-json\/wp\/v2\/pages\/2","targetHints":{"allow":["GET"]}}],"collection":[{"href":"https:\/\/culturaracional.info\/index.php\/wp-json\/wp\/v2\/pages"}],"about":[{"href":"https:\/\/culturaracional.info\/index.php\/wp-json\/wp\/v2\/types\/page"}],"author":[{"embeddable":true,"href":"https:\/\/culturaracional.info\/index.php\/wp-json\/wp\/v2\/users\/1"}],"replies":[{"embeddable":true,"href":"https:\/\/culturaracional.info\/index.php\/wp-json\/wp\/v2\/comments?post=2"}],"version-history":[{"count":9,"href":"https:\/\/culturaracional.info\/index.php\/wp-json\/wp\/v2\/pages\/2\/revisions"}],"predecessor-version":[{"id":97,"href":"https:\/\/culturaracional.info\/index.php\/wp-json\/wp\/v2\/pages\/2\/revisions\/97"}],"wp:attachment":[{"href":"https:\/\/culturaracional.info\/index.php\/wp-json\/wp\/v2\/media?parent=2"}],"curies":[{"name":"wp","href":"https:\/\/api.w.org\/{rel}","templated":true}]}}