{"id":103,"date":"2024-05-15T12:33:02","date_gmt":"2024-05-15T15:33:02","guid":{"rendered":"https:\/\/culturaracional.info\/?page_id=103"},"modified":"2024-05-15T16:25:24","modified_gmt":"2024-05-15T19:25:24","slug":"spanish","status":"publish","type":"page","link":"https:\/\/culturaracional.info\/index.php\/spanish\/","title":{"rendered":"Spanish"},"content":{"rendered":"\n<p><strong>CULTURA RACIONAL<\/strong><\/p>\n\n\n\n<p><strong>LA CULTURA DEL COSMOS, DEL MUNDO RACIONAL AHORA EN LA TIERRA<\/strong><\/p>\n\n\n\n<p><strong>&nbsp;&nbsp;<\/strong><\/p>\n\n\n\n<figure class=\"wp-block-image aligncenter size-full is-resized\"><img loading=\"lazy\" decoding=\"async\" width=\"125\" height=\"176\" src=\"https:\/\/culturaracional.info\/wp-content\/uploads\/2024\/05\/image.png\" alt=\"\" class=\"wp-image-104\" style=\"width:249px;height:auto\"\/><\/figure>\n\n\n\n<p><strong>&nbsp; <\/strong><strong>\u00bfQU\u00c9 ES CULTURA RACIONAL?<\/strong><\/p>\n\n\n\n<p>Es el conocimiento del origen del ser humano. De d\u00f3nde \u00e9l vino, c\u00f3mo vino, por qu\u00e9 vino y el retorno a su origen, mostrando como el hombre volver\u00e1 a su estado natural de ser Racional puro, limpio y perfecto. Todo esto a trav\u00e9s de los mensajes del RACIONAL SUPERIOR, un Ser extraterreno, publicados en los libros \u201cUNIVERSO EN DESENCANTO\u201d.<\/p>\n\n\n\n<p><strong>ADEM\u00c1S DEL RETORNO A SU ORIGEN,<\/strong><\/p>\n\n\n\n<p><strong>\u00bfCU\u00c1LES SER\u00cdAN LOS OBJETIVOS DE LA CULTURA RACIONAL?<\/strong><\/p>\n\n\n\n<p>Es conectar el ser humano a su Mundo de Origen, el MUNDO RACIONAL, por el desarrollo Racional, que es obtenido en el leer y releer los libros \u201cUNIVERSO EN DESENCANTO\u201d.<\/p>\n\n\n\n<p>&nbsp;La lectura del libro trae el perfecto equilibrio en la vida de la materia: f\u00edsico, moral y financiero, que culmina con la Videncia Racional, cuando entonces el lector tendr\u00e1 contacto con los habitantes del MUNDO RACIONAL, mundo de que somos originarios y para el cual ya estamos de vuelta.<\/p>\n\n\n\n<p><strong>\u00bfC\u00d3MO CUALQUIER PERSONA PODR\u00c1 COMPROVAR LA REALIDAD DE LOS OBJETIVOS DE LA CULTURA RACIONAL?<\/strong><\/p>\n\n\n\n<p>Muy simple: por tratarse de un proceso de desarrollo, no ser\u00e1 solo con la lectura del primer volumen del libro que la persona podr\u00e1 tener estas comprobaciones, aunque ellas hayan ocurrido con diferentes personas. Son ellas, el aparecimiento de luces de diferentes modos, tama\u00f1os y formas; el contacto directo con seres extraterrenos, dialogando y siendo orientado en cualquier lugar. Y lo m\u00e1s importante que es adquirir paz interior. Es cuando empezamos a aprender lo que es la felicidad verdadera.<\/p>\n\n\n\n<p>Lleg\u00f3 en el mundo lo que desde hace mucho estaba anunciado por los profetas, sabios, astr\u00f3logos y por la ciencia.&nbsp; Un conocimiento trascendental que ultrapasa todas las expectativas del saber humano y que desvenda los misterios de la naturaleza y del animal racional de forma l\u00f3gica, simple y clara.<\/p>\n\n\n\n<p>No es un conocimiento extra\u00eddo del saber de este mundo, y s\u00ed la verdad de las verdades, dictadas por el RACIONAL SUPERIOR.<\/p>\n\n\n\n<p>La CULTURA RACIONAL conducir\u00e1 la humanidad a la RACIONALIZACI\u00d3N UNIVERSAL. Y as\u00ed, con la lectura as\u00eddua de este conocimiento, todos sin el menor esfuerzo, muy naturalmente, sin necesidad de frecuentar lugar ninguno, ser\u00e1n orientados en todo, ricibiendo las orientaciones precisas para su perfecto equilibrio moral, f\u00edsico y financiero, dentro de sus propios hogares o donde est\u00e9n. Por lo tanto, no hay templo, sinagoga o casa de predicaciones, tampoco obligaciones, pues es solo la lectura de esta grandiosa Obra UNIVERSO EN DESENCANTO, que da aquella protecci\u00f3n que nadie hasta hoy conoc\u00eda.<\/p>\n\n\n\n<p><strong>EN LA CULTURA RACIONAL NO HAY MILAGROS<\/strong><\/p>\n\n\n\n<p>Todas las enfermedades en el mundo son provocadas por la alteraci\u00f3n del campo biomagn\u00e9tico. El mundo es un conjunto de electromagnetismo y consecuentemente nosotros tambi\u00e9n somos formados de electromagnetismo. La alteraci\u00f3n de este campo de energ\u00eda es que provoca en nosotros todas las enfermedades, como el c\u00e1ncer, el infarto, la osteomielitis y todo y cualquier tipo de dolencias. El exceso de magnetismo mata, el exceso de electricidad mata del mismo modo. Y nosotros estamos sujetos a los efectos de estos dos fluidos monstruos: el el\u00e9ctrico y el magn\u00e9tico.<\/p>\n\n\n\n<p>En la CULTURA RACIONAL no hay milagros, todo ocurre naturalmente, las soluciones son consecuencias del perfecto equilibrio que la persona adquiere a trav\u00e9s de los mensajes del RACIONAL SUPERIOR. A la proporci\u00f3n que la persona va leyendo, ella pasa a quedar conectada&nbsp; a su Mundo de Origen, el MUNDO RACIONAL, de donde recibir\u00e1 todas las orientaciones precisas a su buen vivir. Con el desarrollo adquirido a trav\u00e9s de la lectura, la persona empieza a desconectarse de este conjunto electricomagn\u00e9tico, que es el mundo en que vivimos, para quedar conectado a su verdadero natural, el mundo de su verdadero origen, el MUNDO RACIONAL. Sustituyendo su electromagnetismo por la ENERG\u00cdA RACIONAL, alcanzando la condici\u00f3n de INMUNIZADO RACIONALMENTE. Y al morir no nacer\u00e1 m\u00e1s aqu\u00ed en este mundo, y s\u00ed en su verdadero mundo, el MUNDO RACIONAL.<\/p>\n\n\n\n<p><strong>Enlaces para conseguir el libro fuera de Brasil:<\/strong><br><a href=\"https:\/\/culturaracional.info\/index.php\/links\/\">https:\/\/culturaracional.info\/index.php\/links\/<\/a><\/p>\n","protected":false},"excerpt":{"rendered":"<p>CULTURA RACIONAL LA CULTURA DEL COSMOS, DEL MUNDO RACIONAL AHORA EN LA TIERRA &nbsp;&nbsp; &nbsp; \u00bfQU\u00c9 ES CULTURA RACIONAL? Es el conocimiento del origen del ser humano. De d\u00f3nde \u00e9l vino, c\u00f3mo vino, por qu\u00e9 vino y el retorno a su origen, mostrando como el hombre volver\u00e1 a su estado natural de ser Racional puro, [&hellip;]<\/p>\n","protected":false},"author":1,"featured_media":0,"parent":0,"menu_order":0,"comment_status":"closed","ping_status":"closed","template":"","meta":{"footnotes":""},"class_list":["post-103","page","type-page","status-publish","hentry"],"_links":{"self":[{"href":"https:\/\/culturaracional.info\/index.php\/wp-json\/wp\/v2\/pages\/103","targetHints":{"allow":["GET"]}}],"collection":[{"href":"https:\/\/culturaracional.info\/index.php\/wp-json\/wp\/v2\/pages"}],"about":[{"href":"https:\/\/culturaracional.info\/index.php\/wp-json\/wp\/v2\/types\/page"}],"author":[{"embeddable":true,"href":"https:\/\/culturaracional.info\/index.php\/wp-json\/wp\/v2\/users\/1"}],"replies":[{"embeddable":true,"href":"https:\/\/culturaracional.info\/index.php\/wp-json\/wp\/v2\/comments?post=103"}],"version-history":[{"count":2,"href":"https:\/\/culturaracional.info\/index.php\/wp-json\/wp\/v2\/pages\/103\/revisions"}],"predecessor-version":[{"id":123,"href":"https:\/\/culturaracional.info\/index.php\/wp-json\/wp\/v2\/pages\/103\/revisions\/123"}],"wp:attachment":[{"href":"https:\/\/culturaracional.info\/index.php\/wp-json\/wp\/v2\/media?parent=103"}],"curies":[{"name":"wp","href":"https:\/\/api.w.org\/{rel}","templated":true}]}}